{"id":79,"date":"2024-01-15T10:54:40","date_gmt":"2024-01-15T09:54:40","guid":{"rendered":"https:\/\/subrosa.health\/legacy-notice\/"},"modified":"2024-04-29T12:23:24","modified_gmt":"2024-04-29T10:23:24","slug":"legacy-notice","status":"publish","type":"page","link":"https:\/\/subrosa.health\/en\/legacy-notice\/","title":{"rendered":"Legacy Notice"},"content":{"rendered":"\n<h2 class=\"wp-block-heading\">Site Notice<\/h2>\n\n\n\n<h2 class=\"wp-block-heading\">Information pursuant to Sect. 5 German Telemedia Act (TMG)<\/h2>\n\n\n\n<p>subrosa Health &amp; Capital GmbH (haftungsbeschr\u00e4nkt)<br>Seeholzenstra\u00dfe 2<br>82166 Gr\u00e4felfing<\/p>\n\n\n\n<p>Commercial Register: HRB 262219<br>Registration court: Amtsgericht M\u00fcnchen<\/p>\n\n\n\n<p><strong>Represented by:<\/strong><br>Georg Nagl<\/p>\n\n\n\n<h2 class=\"wp-block-heading\">Contact<\/h2>\n\n\n\n<p>Phone: +49 89 \u2013 24 88 929 00<br>E-mail: info@subrosa.health<\/p>\n\n\n\n<h2 class=\"wp-block-heading\">VAT ID<\/h2>\n\n\n\n<p>Sales tax identification number according to Sect. 27 a of the Sales Tax Law:<br>DEXXX<\/p>\n\n\n\n<h2 class=\"wp-block-heading\">Person responsible for editorial<\/h2>\n\n\n\n<p>Georg Nagl, Seeholzenstra\u00dfe 2, 82166 Gr\u00e4felfing<\/p>\n\n\n\n<h2 class=\"wp-block-heading\">EU dispute resolution<\/h2>\n\n\n\n<p>The European Commission provides a platform for online dispute resolution (ODR):&nbsp;<a href=\"https:\/\/ec.europa.eu\/consumers\/odr\/\" target=\"_blank\" rel=\"noreferrer noopener\">https:\/\/ec.europa.eu\/consumers\/odr\/<\/a>.<br>Our e-mail address can be found above in the site notice.<\/p>\n\n\n\n<h2 class=\"wp-block-heading\">Dispute resolution proceedings in front of a consumer arbitration board<\/h2>\n\n\n\n<p>We are not willing or obliged to participate in dispute resolution proceedings in front of a consumer arbitration board.<\/p>\n","protected":false},"excerpt":{"rendered":"<p>Site Notice Information pursuant to Sect. 5 German Telemedia Act (TMG) subrosa Health &amp; Capital GmbH (haftungsbeschr\u00e4nkt)Seeholzenstra\u00dfe 282166 Gr\u00e4felfing Commercial Register: HRB 262219Registration court: Amtsgericht M\u00fcnchen Represented by:Georg Nagl Contact Phone: +49 89 \u2013 24 88 929 00E-mail: info@subrosa.health VAT ID Sales tax identification number according to Sect. 27 a of the Sales Tax Law:DEXXX [&hellip;]<\/p>\n","protected":false},"author":1,"featured_media":0,"parent":0,"menu_order":0,"comment_status":"closed","ping_status":"closed","template":"","meta":{"footnotes":""},"class_list":["post-79","page","type-page","status-publish","hentry"],"_links":{"self":[{"href":"https:\/\/subrosa.health\/en\/wp-json\/wp\/v2\/pages\/79","targetHints":{"allow":["GET"]}}],"collection":[{"href":"https:\/\/subrosa.health\/en\/wp-json\/wp\/v2\/pages"}],"about":[{"href":"https:\/\/subrosa.health\/en\/wp-json\/wp\/v2\/types\/page"}],"author":[{"embeddable":true,"href":"https:\/\/subrosa.health\/en\/wp-json\/wp\/v2\/users\/1"}],"replies":[{"embeddable":true,"href":"https:\/\/subrosa.health\/en\/wp-json\/wp\/v2\/comments?post=79"}],"version-history":[{"count":3,"href":"https:\/\/subrosa.health\/en\/wp-json\/wp\/v2\/pages\/79\/revisions"}],"predecessor-version":[{"id":131,"href":"https:\/\/subrosa.health\/en\/wp-json\/wp\/v2\/pages\/79\/revisions\/131"}],"wp:attachment":[{"href":"https:\/\/subrosa.health\/en\/wp-json\/wp\/v2\/media?parent=79"}],"curies":[{"name":"wp","href":"https:\/\/api.w.org\/{rel}","templated":true}]}}